{"id":612,"date":"2025-06-04T19:41:37","date_gmt":"2025-06-04T22:41:37","guid":{"rendered":"https:\/\/shinysites.com.ar\/?page_id=612"},"modified":"2025-06-04T19:44:58","modified_gmt":"2025-06-04T22:44:58","slug":"about","status":"publish","type":"page","link":"http:\/\/rudacine.com.ar\/en\/about\/","title":{"rendered":"About"},"content":{"rendered":"<div data-elementor-type=\"wp-page\" data-elementor-id=\"612\" class=\"elementor elementor-612\" data-elementor-post-type=\"page\">\n\t\t\t\t<div class=\"elementor-element elementor-element-245ebbc banner-main e-flex e-con-boxed e-con e-parent\" data-id=\"245ebbc\" data-element_type=\"container\" data-settings=\"{&quot;background_background&quot;:&quot;slideshow&quot;,&quot;background_slideshow_gallery&quot;:[{&quot;id&quot;:409,&quot;url&quot;:&quot;https:\\\/\\\/rudacine.com.ar\\\/wp-content\\\/uploads\\\/2020\\\/05\\\/slider-home1.jpg&quot;},{&quot;id&quot;:410,&quot;url&quot;:&quot;https:\\\/\\\/rudacine.com.ar\\\/wp-content\\\/uploads\\\/2020\\\/05\\\/slider-home2.jpg&quot;},{&quot;id&quot;:411,&quot;url&quot;:&quot;https:\\\/\\\/rudacine.com.ar\\\/wp-content\\\/uploads\\\/2020\\\/05\\\/slider-home3.jpg&quot;},{&quot;id&quot;:412,&quot;url&quot;:&quot;https:\\\/\\\/rudacine.com.ar\\\/wp-content\\\/uploads\\\/2020\\\/05\\\/slider-home4.jpg&quot;},{&quot;id&quot;:413,&quot;url&quot;:&quot;https:\\\/\\\/rudacine.com.ar\\\/wp-content\\\/uploads\\\/2020\\\/05\\\/slider-home5.jpg&quot;},{&quot;id&quot;:414,&quot;url&quot;:&quot;https:\\\/\\\/rudacine.com.ar\\\/wp-content\\\/uploads\\\/2020\\\/05\\\/slider-home6.jpg&quot;},{&quot;id&quot;:415,&quot;url&quot;:&quot;https:\\\/\\\/rudacine.com.ar\\\/wp-content\\\/uploads\\\/2020\\\/05\\\/slider-home7.jpg&quot;},{&quot;id&quot;:416,&quot;url&quot;:&quot;https:\\\/\\\/rudacine.com.ar\\\/wp-content\\\/uploads\\\/2020\\\/05\\\/slider-home8.jpg&quot;},{&quot;id&quot;:417,&quot;url&quot;:&quot;https:\\\/\\\/rudacine.com.ar\\\/wp-content\\\/uploads\\\/2020\\\/05\\\/slider-home9.jpg&quot;}],&quot;background_slideshow_loop&quot;:&quot;yes&quot;,&quot;background_slideshow_slide_duration&quot;:5000,&quot;background_slideshow_slide_transition&quot;:&quot;fade&quot;,&quot;background_slideshow_transition_duration&quot;:500}\">\n\t\t\t\t\t<div class=\"e-con-inner\">\n\t\t\t\t<div class=\"elementor-element elementor-element-71a4afc elementor-widget elementor-widget-heading\" data-id=\"71a4afc\" data-element_type=\"widget\" data-widget_type=\"heading.default\">\n\t\t\t\t<div class=\"elementor-widget-container\">\n\t\t\t\t\t<h1 class=\"elementor-heading-title elementor-size-default\">ABOUT RUDA<\/h1>\t\t\t\t<\/div>\n\t\t\t\t<\/div>\n\t\t\t\t<div class=\"elementor-element elementor-element-df7ac50 elementor-widget__width-initial elementor-widget elementor-widget-text-editor\" data-id=\"df7ac50\" data-element_type=\"widget\" data-widget_type=\"text-editor.default\">\n\t\t\t\t<div class=\"elementor-widget-container\">\n\t\t\t\t\t\t\t\t\t<div>Founded and directed by Violeta Bava and Rosa Mart\u00ednez Rivero, Ruda Cine is a film production company based in Buenos Aires, Argentina, dedicated to producing films with a special focus on auteur cinema.<\/div><div>We work with the most prominent directors in the region and have received numerous national and international awards.<\/div><div>In addition, Ruda Cine provides global audiovisual production services both nationally and internationally.<\/div>\t\t\t\t\t\t\t\t<\/div>\n\t\t\t\t<\/div>\n\t\t\t\t\t<\/div>\n\t\t\t\t<\/div>\n\t\t\t\t<\/div>","protected":false},"excerpt":{"rendered":"<p>ABOUT RUDA Fundada y dirigida por Violeta Bava y Rosa Mart\u00ednez Rivero, Ruda Cine es una productora de cine asentada en Buenos Aires, Argentina, dedicada a producir pel\u00edculas, con especial inter\u00e9s en el cine de autor.Trabajamos con los directores y directoras m\u00e1s destacados de la regi\u00f3n y recibimos numerosos reconocimientos nacionales e internacionales.Adem\u00e1s, Ruda Cine [&hellip;]<\/p>","protected":false},"author":2,"featured_media":0,"parent":0,"menu_order":0,"comment_status":"closed","ping_status":"closed","template":"elementor_header_footer","meta":{"_acf_changed":false,"footnotes":""},"class_list":["post-612","page","type-page","status-publish","hentry"],"acf":[],"_links":{"self":[{"href":"http:\/\/rudacine.com.ar\/en\/wp-json\/wp\/v2\/pages\/612","targetHints":{"allow":["GET"]}}],"collection":[{"href":"http:\/\/rudacine.com.ar\/en\/wp-json\/wp\/v2\/pages"}],"about":[{"href":"http:\/\/rudacine.com.ar\/en\/wp-json\/wp\/v2\/types\/page"}],"author":[{"embeddable":true,"href":"http:\/\/rudacine.com.ar\/en\/wp-json\/wp\/v2\/users\/2"}],"replies":[{"embeddable":true,"href":"http:\/\/rudacine.com.ar\/en\/wp-json\/wp\/v2\/comments?post=612"}],"version-history":[{"count":0,"href":"http:\/\/rudacine.com.ar\/en\/wp-json\/wp\/v2\/pages\/612\/revisions"}],"wp:attachment":[{"href":"http:\/\/rudacine.com.ar\/en\/wp-json\/wp\/v2\/media?parent=612"}],"curies":[{"name":"wp","href":"https:\/\/api.w.org\/{rel}","templated":true}]}}